{"id":1103,"date":"2018-12-03T15:16:12","date_gmt":"2018-12-03T15:16:12","guid":{"rendered":"https:\/\/artsets.cz\/my-account\/"},"modified":"2024-12-09T10:46:24","modified_gmt":"2024-12-09T10:46:24","slug":"my-account","status":"publish","type":"page","link":"https:\/\/migration.artsets.cz\/en\/my-account\/","title":{"rendered":"My account"},"content":{"rendered":"\t\t<div data-elementor-type=\"wp-page\" data-elementor-id=\"1103\" class=\"elementor elementor-1103 elementor-381\" data-elementor-post-type=\"page\">\n\t\t\t\t<div class=\"elementor-element elementor-element-1884c9e5 e-flex e-con-boxed e-con e-parent\" data-id=\"1884c9e5\" data-element_type=\"container\" data-settings=\"{&quot;jet_parallax_layout_list&quot;:[]}\">\n\t\t\t\t\t<div class=\"e-con-inner\">\n\t\t\t\t<div class=\"elementor-element elementor-element-561202ae elementor-widget elementor-widget-shortcode\" data-id=\"561202ae\" data-element_type=\"widget\" data-widget_type=\"shortcode.default\">\n\t\t\t\t<div class=\"elementor-widget-container\">\n\t\t\t\t\t\t\t<div class=\"elementor-shortcode\"><div class=\"woocommerce\"><div class=\"woocommerce-notices-wrapper\"><\/div>\n\n<div class=\"u-columns col2-set\" id=\"customer_login\">\n\n\t<div class=\"u-column1 col-1\">\n\n\n\t\t<h2>Login<\/h2>\n\n\t\t<form class=\"woocommerce-form woocommerce-form-login login\" method=\"post\" novalidate>\n\n\t\t\t\n\t\t\t<p class=\"woocommerce-form-row woocommerce-form-row--wide form-row form-row-wide\">\n\t\t\t\t<label for=\"username\">Username or email address&nbsp;<span class=\"required\" aria-hidden=\"true\">*<\/span><span class=\"screen-reader-text\">Required<\/span><\/label>\n\t\t\t\t<input type=\"text\" class=\"woocommerce-Input woocommerce-Input--text input-text\" name=\"username\" id=\"username\" autocomplete=\"username\" value=\"\" required aria-required=\"true\" \/>\t\t\t<\/p>\n\t\t\t<p class=\"woocommerce-form-row woocommerce-form-row--wide form-row form-row-wide\">\n\t\t\t\t<label for=\"password\">Password&nbsp;<span class=\"required\" aria-hidden=\"true\">*<\/span><span class=\"screen-reader-text\">Required<\/span><\/label>\n\t\t\t\t<input class=\"woocommerce-Input woocommerce-Input--text input-text\" type=\"password\" name=\"password\" id=\"password\" autocomplete=\"current-password\" required aria-required=\"true\" \/>\n\t\t\t<\/p>\n\n\t\t\t\n\t\t\t<p class=\"form-row\">\n\t\t\t\t<label class=\"woocommerce-form__label woocommerce-form__label-for-checkbox woocommerce-form-login__rememberme\">\n\t\t\t\t\t<input class=\"woocommerce-form__input woocommerce-form__input-checkbox\" name=\"rememberme\" type=\"checkbox\" id=\"rememberme\" value=\"forever\" \/> <span>Remember me<\/span>\n\t\t\t\t<\/label>\n\t\t\t\t<input type=\"hidden\" id=\"woocommerce-login-nonce\" name=\"woocommerce-login-nonce\" value=\"586baaec24\" \/><input type=\"hidden\" name=\"_wp_http_referer\" value=\"\/en\/wp-json\/wp\/v2\/pages\/1103\" \/>\t\t\t\t<button type=\"submit\" class=\"woocommerce-button button woocommerce-form-login__submit\" name=\"login\" value=\"Log in\">Log in<\/button>\n\t\t\t<\/p>\n\t\t\t<p class=\"woocommerce-LostPassword lost_password\">\n\t\t\t\t<a href=\"https:\/\/migration.artsets.cz\/en\/my-account\/lost-password\/\">Lost your password?<\/a>\n\t\t\t<\/p>\n\n\t\t\t\n\t\t<\/form>\n\n\n\t<\/div>\n\n\t<div class=\"u-column2 col-2\">\n\n\t\t<h2>Register<\/h2>\n\n\t\t<form method=\"post\" class=\"woocommerce-form woocommerce-form-register register\"  >\n\n\t\t\t\n\t\t\t\n\t\t\t\t<p class=\"woocommerce-form-row woocommerce-form-row--wide form-row form-row-wide\">\n\t\t\t\t\t<label for=\"reg_username\">Username&nbsp;<span class=\"required\" aria-hidden=\"true\">*<\/span><span class=\"screen-reader-text\">Required<\/span><\/label>\n\t\t\t\t\t<input type=\"text\" class=\"woocommerce-Input woocommerce-Input--text input-text\" name=\"username\" id=\"reg_username\" autocomplete=\"username\" value=\"\" required aria-required=\"true\" \/>\t\t\t\t<\/p>\n\n\t\t\t\n\t\t\t<p class=\"woocommerce-form-row woocommerce-form-row--wide form-row form-row-wide\">\n\t\t\t\t<label for=\"reg_email\">Email address&nbsp;<span class=\"required\" aria-hidden=\"true\">*<\/span><span class=\"screen-reader-text\">Required<\/span><\/label>\n\t\t\t\t<input type=\"email\" class=\"woocommerce-Input woocommerce-Input--text input-text\" name=\"email\" id=\"reg_email\" autocomplete=\"email\" value=\"\" required aria-required=\"true\" \/>\t\t\t<\/p>\n\n\t\t\t\n\t\t\t\t<p class=\"woocommerce-form-row woocommerce-form-row--wide form-row form-row-wide\">\n\t\t\t\t\t<label for=\"reg_password\">Password&nbsp;<span class=\"required\" aria-hidden=\"true\">*<\/span><span class=\"screen-reader-text\">Required<\/span><\/label>\n\t\t\t\t\t<input type=\"password\" class=\"woocommerce-Input woocommerce-Input--text input-text\" name=\"password\" id=\"reg_password\" autocomplete=\"new-password\" required aria-required=\"true\" \/>\n\t\t\t\t<\/p>\n\n\t\t\t\n\t\t\t<wc-order-attribution-inputs><\/wc-order-attribution-inputs><div class=\"woocommerce-privacy-policy-text\"><p>Your personal data will be used to support your experience throughout this website, to manage access to your account, and for other purposes described in our <a href=\"https:\/\/migration.artsets.cz\/en\/privacy-policy\/\" class=\"woocommerce-privacy-policy-link\" target=\"_blank\">privacy policy<\/a>.<\/p>\n<\/div>\n\t\t\t<p class=\"woocommerce-form-row form-row\">\n\t\t\t\t<input type=\"hidden\" id=\"woocommerce-register-nonce\" name=\"woocommerce-register-nonce\" value=\"f27e98278d\" \/><input type=\"hidden\" name=\"_wp_http_referer\" value=\"\/en\/wp-json\/wp\/v2\/pages\/1103\" \/>\t\t\t\t<button type=\"submit\" class=\"woocommerce-Button woocommerce-button button woocommerce-form-register__submit\" name=\"register\" value=\"Register\">Register<\/button>\n\t\t\t<\/p>\n\n\t\t\t\n\t\t<\/form>\n\n\t<\/div>\n\n<\/div>\n\n<\/div><\/div>\n\t\t\t\t\t\t<\/div>\n\t\t\t\t<\/div>\n\t\t\t\t\t<\/div>\n\t\t\t\t<\/div>\n\t\t\t\t<\/div>\n\t\t","protected":false},"excerpt":{"rendered":"","protected":false},"author":1,"featured_media":0,"parent":0,"menu_order":0,"comment_status":"closed","ping_status":"closed","template":"","meta":{"_acf_changed":false,"footnotes":""},"class_list":["post-1103","page","type-page","status-publish","hentry"],"acf":[],"yoast_head":"<!-- This site is optimized with the Yoast SEO plugin v25.3.1 - https:\/\/yoast.com\/wordpress\/plugins\/seo\/ -->\n<title>My account - ArtSets<\/title>\n<meta name=\"robots\" content=\"noindex, follow\" \/>\n<meta property=\"og:locale\" content=\"en_US\" \/>\n<meta property=\"og:type\" content=\"article\" \/>\n<meta property=\"og:title\" content=\"My account - ArtSets\" \/>\n<meta property=\"og:url\" content=\"https:\/\/migration.artsets.cz\/my-account\/\" \/>\n<meta property=\"og:site_name\" content=\"ArtSets\" \/>\n<meta property=\"article:publisher\" content=\"https:\/\/www.facebook.com\/profile.php?id=61559120043095\" \/>\n<meta property=\"article:modified_time\" content=\"2024-12-09T10:46:24+00:00\" \/>\n<meta property=\"og:image\" content=\"https:\/\/i0.wp.com\/migration.artsets.cz\/wp-content\/uploads\/2024\/08\/products-on-table.jpeg?fit=2500%2C1666&ssl=1\" \/>\n\t<meta property=\"og:image:width\" content=\"2500\" \/>\n\t<meta property=\"og:image:height\" content=\"1666\" \/>\n\t<meta property=\"og:image:type\" content=\"image\/jpeg\" \/>\n<meta name=\"twitter:card\" content=\"summary_large_image\" \/>\n<meta name=\"twitter:label1\" content=\"Est. reading time\" \/>\n\t<meta name=\"twitter:data1\" content=\"1 minute\" \/>\n<script type=\"application\/ld+json\" class=\"yoast-schema-graph\">{\"@context\":\"https:\/\/schema.org\",\"@graph\":[{\"@type\":\"WebPage\",\"@id\":\"https:\/\/migration.artsets.cz\/my-account\/\",\"url\":\"https:\/\/migration.artsets.cz\/my-account\/\",\"name\":\"My account - ArtSets\",\"isPartOf\":{\"@id\":\"https:\/\/migration.artsets.cz\/#website\"},\"datePublished\":\"2018-12-03T15:16:12+00:00\",\"dateModified\":\"2024-12-09T10:46:24+00:00\",\"breadcrumb\":{\"@id\":\"https:\/\/migration.artsets.cz\/my-account\/#breadcrumb\"},\"inLanguage\":\"en-US\",\"potentialAction\":[{\"@type\":\"ReadAction\",\"target\":[\"https:\/\/migration.artsets.cz\/my-account\/\"]}]},{\"@type\":\"BreadcrumbList\",\"@id\":\"https:\/\/migration.artsets.cz\/my-account\/#breadcrumb\",\"itemListElement\":[{\"@type\":\"ListItem\",\"position\":1,\"name\":\"Dom\u016f\",\"item\":\"https:\/\/migration.artsets.cz\/en\/\"},{\"@type\":\"ListItem\",\"position\":2,\"name\":\"My account\"}]},{\"@type\":\"WebSite\",\"@id\":\"https:\/\/migration.artsets.cz\/#website\",\"url\":\"https:\/\/migration.artsets.cz\/\",\"name\":\"Kreativn\u00ed a jedine\u010dn\u00e9 sady \u2013 ArtSets.cz | Perfektn\u00ed d\u00e1rek\",\"description\":\"Kreativn\u00ed DIY sady \u2013 perfektn\u00ed origin\u00e1ln\u00ed d\u00e1rek! Radost z tvorby s v\u00fdsledkem, kter\u00fd vyu\u017eijete\",\"publisher\":{\"@id\":\"https:\/\/migration.artsets.cz\/#organization\"},\"alternateName\":\"ArtSets\",\"potentialAction\":[{\"@type\":\"SearchAction\",\"target\":{\"@type\":\"EntryPoint\",\"urlTemplate\":\"https:\/\/migration.artsets.cz\/?s={search_term_string}\"},\"query-input\":{\"@type\":\"PropertyValueSpecification\",\"valueRequired\":true,\"valueName\":\"search_term_string\"}}],\"inLanguage\":\"en-US\"},{\"@type\":\"Organization\",\"@id\":\"https:\/\/migration.artsets.cz\/#organization\",\"name\":\"ArtSets\",\"url\":\"https:\/\/migration.artsets.cz\/\",\"logo\":{\"@type\":\"ImageObject\",\"inLanguage\":\"en-US\",\"@id\":\"https:\/\/migration.artsets.cz\/#\/schema\/logo\/image\/\",\"url\":\"\",\"contentUrl\":\"\",\"caption\":\"ArtSets\"},\"image\":{\"@id\":\"https:\/\/migration.artsets.cz\/#\/schema\/logo\/image\/\"},\"sameAs\":[\"https:\/\/www.facebook.com\/profile.php?id=61559120043095\"]}]}<\/script>\n<!-- \/ Yoast SEO plugin. -->","yoast_head_json":{"title":"My account - ArtSets","robots":{"index":"noindex","follow":"follow"},"og_locale":"en_US","og_type":"article","og_title":"My account - ArtSets","og_url":"https:\/\/migration.artsets.cz\/my-account\/","og_site_name":"ArtSets","article_publisher":"https:\/\/www.facebook.com\/profile.php?id=61559120043095","article_modified_time":"2024-12-09T10:46:24+00:00","og_image":[{"width":2500,"height":1666,"url":"https:\/\/i0.wp.com\/migration.artsets.cz\/wp-content\/uploads\/2024\/08\/products-on-table.jpeg?fit=2500%2C1666&ssl=1","type":"image\/jpeg"}],"twitter_card":"summary_large_image","twitter_misc":{"Est. reading time":"1 minute"},"schema":{"@context":"https:\/\/schema.org","@graph":[{"@type":"WebPage","@id":"https:\/\/migration.artsets.cz\/my-account\/","url":"https:\/\/migration.artsets.cz\/my-account\/","name":"My account - ArtSets","isPartOf":{"@id":"https:\/\/migration.artsets.cz\/#website"},"datePublished":"2018-12-03T15:16:12+00:00","dateModified":"2024-12-09T10:46:24+00:00","breadcrumb":{"@id":"https:\/\/migration.artsets.cz\/my-account\/#breadcrumb"},"inLanguage":"en-US","potentialAction":[{"@type":"ReadAction","target":["https:\/\/migration.artsets.cz\/my-account\/"]}]},{"@type":"BreadcrumbList","@id":"https:\/\/migration.artsets.cz\/my-account\/#breadcrumb","itemListElement":[{"@type":"ListItem","position":1,"name":"Dom\u016f","item":"https:\/\/migration.artsets.cz\/en\/"},{"@type":"ListItem","position":2,"name":"My account"}]},{"@type":"WebSite","@id":"https:\/\/migration.artsets.cz\/#website","url":"https:\/\/migration.artsets.cz\/","name":"Kreativn\u00ed a jedine\u010dn\u00e9 sady \u2013 ArtSets.cz | Perfektn\u00ed d\u00e1rek","description":"Kreativn\u00ed DIY sady \u2013 perfektn\u00ed origin\u00e1ln\u00ed d\u00e1rek! Radost z tvorby s v\u00fdsledkem, kter\u00fd vyu\u017eijete","publisher":{"@id":"https:\/\/migration.artsets.cz\/#organization"},"alternateName":"ArtSets","potentialAction":[{"@type":"SearchAction","target":{"@type":"EntryPoint","urlTemplate":"https:\/\/migration.artsets.cz\/?s={search_term_string}"},"query-input":{"@type":"PropertyValueSpecification","valueRequired":true,"valueName":"search_term_string"}}],"inLanguage":"en-US"},{"@type":"Organization","@id":"https:\/\/migration.artsets.cz\/#organization","name":"ArtSets","url":"https:\/\/migration.artsets.cz\/","logo":{"@type":"ImageObject","inLanguage":"en-US","@id":"https:\/\/migration.artsets.cz\/#\/schema\/logo\/image\/","url":"","contentUrl":"","caption":"ArtSets"},"image":{"@id":"https:\/\/migration.artsets.cz\/#\/schema\/logo\/image\/"},"sameAs":["https:\/\/www.facebook.com\/profile.php?id=61559120043095"]}]}},"_links":{"self":[{"href":"https:\/\/migration.artsets.cz\/en\/wp-json\/wp\/v2\/pages\/1103","targetHints":{"allow":["GET"]}}],"collection":[{"href":"https:\/\/migration.artsets.cz\/en\/wp-json\/wp\/v2\/pages"}],"about":[{"href":"https:\/\/migration.artsets.cz\/en\/wp-json\/wp\/v2\/types\/page"}],"author":[{"embeddable":true,"href":"https:\/\/migration.artsets.cz\/en\/wp-json\/wp\/v2\/users\/1"}],"replies":[{"embeddable":true,"href":"https:\/\/migration.artsets.cz\/en\/wp-json\/wp\/v2\/comments?post=1103"}],"version-history":[{"count":0,"href":"https:\/\/migration.artsets.cz\/en\/wp-json\/wp\/v2\/pages\/1103\/revisions"}],"wp:attachment":[{"href":"https:\/\/migration.artsets.cz\/en\/wp-json\/wp\/v2\/media?parent=1103"}],"curies":[{"name":"wp","href":"https:\/\/api.w.org\/{rel}","templated":true}]}}