{"id":5208,"date":"2024-07-29T18:03:41","date_gmt":"2024-07-29T18:03:41","guid":{"rendered":"https:\/\/artsets.cz\/?page_id=5208"},"modified":"2025-10-05T16:56:08","modified_gmt":"2025-10-05T16:56:08","slug":"information","status":"publish","type":"page","link":"https:\/\/migration.artsets.cz\/en\/information\/","title":{"rendered":"Information"},"content":{"rendered":"\t\t<div data-elementor-type=\"wp-page\" data-elementor-id=\"5208\" class=\"elementor elementor-5208 elementor-5206\" data-elementor-post-type=\"page\">\n\t\t\t\t<div class=\"elementor-element elementor-element-6022261b e-flex e-con-boxed e-con e-parent\" data-id=\"6022261b\" data-element_type=\"container\" data-settings=\"{&quot;jet_parallax_layout_list&quot;:[]}\">\n\t\t\t\t\t<div class=\"e-con-inner\">\n\t\t\t\t<div class=\"elementor-element elementor-element-16530804 elementor-widget elementor-widget-text-editor\" data-id=\"16530804\" data-element_type=\"widget\" data-widget_type=\"text-editor.default\">\n\t\t\t\t<div class=\"elementor-widget-container\">\n\t\t\t\t\t\t\t\t\t<p>Welcome to our Information page! <br>This section is designed to quickly and easily provide you with important information about our company and services. Here you\u2019ll find a range of useful links to help you get to know us better, understand our policies, and contact us if you have any questions or need support.<\/p>\n\n<p>Explore the following sections:<\/p>\n\n<ul>\n  <li><a href=\"about-us\">About us<\/a><br>\n    <p>Learn more about our company history, mission, and the dedicated team behind our products and services. Get familiar with our core values and what drives us to provide the best possible experience to our customers.<\/p>\n  <\/li>\n\n  <li><a href=\"privacy-policy\">Privacy Policy<\/a><br>\n    <p>Your privacy matters to us. Read our detailed privacy policy to understand how we collect, use, and protect your personal data. We are committed to safeguarding your information and ensuring transparency in all our practices.<\/p>\n  <\/li>\n\n  <li><a href=\"shipping-information\">Shipping Information<\/a><br>\n    <p>Find all the essential details about our shipping policies. This includes information on delivery costs, shipping times, and various shipping methods we offer to ensure your order arrives safely and on time.<\/p>\n  <\/li>\n\n  <li><a href=\"contacts\">Contact<\/a><br>\n    <p>Have questions or need help? Our contact page provides all the necessary details on how to reach us. Whether you need assistance, want to give feedback, or just wish to get in touch, we\u2019re here to help and look forward to your message.<\/p>\n  <\/li>\n<\/ul>\n\n<p><strong>Thank you for visiting our Information page!<\/strong><\/p>\t\t\t\t\t\t\t\t<\/div>\n\t\t\t\t<\/div>\n\t\t\t\t\t<\/div>\n\t\t\t\t<\/div>\n\t\t\t\t<\/div>\n\t\t","protected":false},"excerpt":{"rendered":"<p>Welcome to our Information page! This section is designed to quickly and easily provide you with important information about our company and services. Here you\u2019ll find a range of useful links to help you get to know us better, understand our policies, and contact us if you have any questions or need support. Explore the [&hellip;]<\/p>\n","protected":false},"author":1,"featured_media":0,"parent":0,"menu_order":0,"comment_status":"closed","ping_status":"closed","template":"","meta":{"_acf_changed":false,"footnotes":""},"class_list":["post-5208","page","type-page","status-publish","hentry"],"acf":[],"yoast_head":"<!-- This site is optimized with the Yoast SEO plugin v25.3.1 - https:\/\/yoast.com\/wordpress\/plugins\/seo\/ -->\n<title>Information - ArtSets<\/title>\n<meta name=\"robots\" content=\"noindex, follow\" \/>\n<meta property=\"og:locale\" content=\"en_US\" \/>\n<meta property=\"og:type\" content=\"article\" \/>\n<meta property=\"og:title\" content=\"Information - ArtSets\" \/>\n<meta property=\"og:description\" content=\"Welcome to our Information page! This section is designed to quickly and easily provide you with important information about our company and services. Here you\u2019ll find a range of useful links to help you get to know us better, understand our policies, and contact us if you have any questions or need support. Explore the [&hellip;]\" \/>\n<meta property=\"og:url\" content=\"https:\/\/migration.artsets.cz\/informace\/\" \/>\n<meta property=\"og:site_name\" content=\"ArtSets\" \/>\n<meta property=\"article:publisher\" content=\"https:\/\/www.facebook.com\/profile.php?id=61559120043095\" \/>\n<meta property=\"article:modified_time\" content=\"2025-10-05T16:56:08+00:00\" \/>\n<meta property=\"og:image\" content=\"https:\/\/i0.wp.com\/migration.artsets.cz\/wp-content\/uploads\/2024\/08\/products-on-table.jpeg?fit=2500%2C1666&ssl=1\" \/>\n\t<meta property=\"og:image:width\" content=\"2500\" \/>\n\t<meta property=\"og:image:height\" content=\"1666\" \/>\n\t<meta property=\"og:image:type\" content=\"image\/jpeg\" \/>\n<meta name=\"twitter:card\" content=\"summary_large_image\" \/>\n<meta name=\"twitter:label1\" content=\"Est. reading time\" \/>\n\t<meta name=\"twitter:data1\" content=\"1 minute\" \/>\n<script type=\"application\/ld+json\" class=\"yoast-schema-graph\">{\"@context\":\"https:\/\/schema.org\",\"@graph\":[{\"@type\":\"WebPage\",\"@id\":\"https:\/\/migration.artsets.cz\/informace\/\",\"url\":\"https:\/\/migration.artsets.cz\/informace\/\",\"name\":\"Information - ArtSets\",\"isPartOf\":{\"@id\":\"https:\/\/migration.artsets.cz\/#website\"},\"datePublished\":\"2024-07-29T18:03:41+00:00\",\"dateModified\":\"2025-10-05T16:56:08+00:00\",\"breadcrumb\":{\"@id\":\"https:\/\/migration.artsets.cz\/informace\/#breadcrumb\"},\"inLanguage\":\"en-US\",\"potentialAction\":[{\"@type\":\"ReadAction\",\"target\":[\"https:\/\/migration.artsets.cz\/informace\/\"]}]},{\"@type\":\"BreadcrumbList\",\"@id\":\"https:\/\/migration.artsets.cz\/informace\/#breadcrumb\",\"itemListElement\":[{\"@type\":\"ListItem\",\"position\":1,\"name\":\"Dom\u016f\",\"item\":\"https:\/\/migration.artsets.cz\/en\/\"},{\"@type\":\"ListItem\",\"position\":2,\"name\":\"Information\"}]},{\"@type\":\"WebSite\",\"@id\":\"https:\/\/migration.artsets.cz\/#website\",\"url\":\"https:\/\/migration.artsets.cz\/\",\"name\":\"Kreativn\u00ed a jedine\u010dn\u00e9 sady \u2013 ArtSets.cz | Perfektn\u00ed d\u00e1rek\",\"description\":\"Kreativn\u00ed DIY sady \u2013 perfektn\u00ed origin\u00e1ln\u00ed d\u00e1rek! Radost z tvorby s v\u00fdsledkem, kter\u00fd vyu\u017eijete\",\"publisher\":{\"@id\":\"https:\/\/migration.artsets.cz\/#organization\"},\"alternateName\":\"ArtSets\",\"potentialAction\":[{\"@type\":\"SearchAction\",\"target\":{\"@type\":\"EntryPoint\",\"urlTemplate\":\"https:\/\/migration.artsets.cz\/?s={search_term_string}\"},\"query-input\":{\"@type\":\"PropertyValueSpecification\",\"valueRequired\":true,\"valueName\":\"search_term_string\"}}],\"inLanguage\":\"en-US\"},{\"@type\":\"Organization\",\"@id\":\"https:\/\/migration.artsets.cz\/#organization\",\"name\":\"ArtSets\",\"url\":\"https:\/\/migration.artsets.cz\/\",\"logo\":{\"@type\":\"ImageObject\",\"inLanguage\":\"en-US\",\"@id\":\"https:\/\/migration.artsets.cz\/#\/schema\/logo\/image\/\",\"url\":\"\",\"contentUrl\":\"\",\"caption\":\"ArtSets\"},\"image\":{\"@id\":\"https:\/\/migration.artsets.cz\/#\/schema\/logo\/image\/\"},\"sameAs\":[\"https:\/\/www.facebook.com\/profile.php?id=61559120043095\"]}]}<\/script>\n<!-- \/ Yoast SEO plugin. -->","yoast_head_json":{"title":"Information - ArtSets","robots":{"index":"noindex","follow":"follow"},"og_locale":"en_US","og_type":"article","og_title":"Information - ArtSets","og_description":"Welcome to our Information page! This section is designed to quickly and easily provide you with important information about our company and services. Here you\u2019ll find a range of useful links to help you get to know us better, understand our policies, and contact us if you have any questions or need support. Explore the [&hellip;]","og_url":"https:\/\/migration.artsets.cz\/informace\/","og_site_name":"ArtSets","article_publisher":"https:\/\/www.facebook.com\/profile.php?id=61559120043095","article_modified_time":"2025-10-05T16:56:08+00:00","og_image":[{"width":2500,"height":1666,"url":"https:\/\/i0.wp.com\/migration.artsets.cz\/wp-content\/uploads\/2024\/08\/products-on-table.jpeg?fit=2500%2C1666&ssl=1","type":"image\/jpeg"}],"twitter_card":"summary_large_image","twitter_misc":{"Est. reading time":"1 minute"},"schema":{"@context":"https:\/\/schema.org","@graph":[{"@type":"WebPage","@id":"https:\/\/migration.artsets.cz\/informace\/","url":"https:\/\/migration.artsets.cz\/informace\/","name":"Information - ArtSets","isPartOf":{"@id":"https:\/\/migration.artsets.cz\/#website"},"datePublished":"2024-07-29T18:03:41+00:00","dateModified":"2025-10-05T16:56:08+00:00","breadcrumb":{"@id":"https:\/\/migration.artsets.cz\/informace\/#breadcrumb"},"inLanguage":"en-US","potentialAction":[{"@type":"ReadAction","target":["https:\/\/migration.artsets.cz\/informace\/"]}]},{"@type":"BreadcrumbList","@id":"https:\/\/migration.artsets.cz\/informace\/#breadcrumb","itemListElement":[{"@type":"ListItem","position":1,"name":"Dom\u016f","item":"https:\/\/migration.artsets.cz\/en\/"},{"@type":"ListItem","position":2,"name":"Information"}]},{"@type":"WebSite","@id":"https:\/\/migration.artsets.cz\/#website","url":"https:\/\/migration.artsets.cz\/","name":"Kreativn\u00ed a jedine\u010dn\u00e9 sady \u2013 ArtSets.cz | Perfektn\u00ed d\u00e1rek","description":"Kreativn\u00ed DIY sady \u2013 perfektn\u00ed origin\u00e1ln\u00ed d\u00e1rek! Radost z tvorby s v\u00fdsledkem, kter\u00fd vyu\u017eijete","publisher":{"@id":"https:\/\/migration.artsets.cz\/#organization"},"alternateName":"ArtSets","potentialAction":[{"@type":"SearchAction","target":{"@type":"EntryPoint","urlTemplate":"https:\/\/migration.artsets.cz\/?s={search_term_string}"},"query-input":{"@type":"PropertyValueSpecification","valueRequired":true,"valueName":"search_term_string"}}],"inLanguage":"en-US"},{"@type":"Organization","@id":"https:\/\/migration.artsets.cz\/#organization","name":"ArtSets","url":"https:\/\/migration.artsets.cz\/","logo":{"@type":"ImageObject","inLanguage":"en-US","@id":"https:\/\/migration.artsets.cz\/#\/schema\/logo\/image\/","url":"","contentUrl":"","caption":"ArtSets"},"image":{"@id":"https:\/\/migration.artsets.cz\/#\/schema\/logo\/image\/"},"sameAs":["https:\/\/www.facebook.com\/profile.php?id=61559120043095"]}]}},"_links":{"self":[{"href":"https:\/\/migration.artsets.cz\/en\/wp-json\/wp\/v2\/pages\/5208","targetHints":{"allow":["GET"]}}],"collection":[{"href":"https:\/\/migration.artsets.cz\/en\/wp-json\/wp\/v2\/pages"}],"about":[{"href":"https:\/\/migration.artsets.cz\/en\/wp-json\/wp\/v2\/types\/page"}],"author":[{"embeddable":true,"href":"https:\/\/migration.artsets.cz\/en\/wp-json\/wp\/v2\/users\/1"}],"replies":[{"embeddable":true,"href":"https:\/\/migration.artsets.cz\/en\/wp-json\/wp\/v2\/comments?post=5208"}],"version-history":[{"count":3,"href":"https:\/\/migration.artsets.cz\/en\/wp-json\/wp\/v2\/pages\/5208\/revisions"}],"predecessor-version":[{"id":11582,"href":"https:\/\/migration.artsets.cz\/en\/wp-json\/wp\/v2\/pages\/5208\/revisions\/11582"}],"wp:attachment":[{"href":"https:\/\/migration.artsets.cz\/en\/wp-json\/wp\/v2\/media?parent=5208"}],"curies":[{"name":"wp","href":"https:\/\/api.w.org\/{rel}","templated":true}]}}