{"id":5215,"date":"2024-07-29T19:24:06","date_gmt":"2024-07-29T19:24:06","guid":{"rendered":"https:\/\/artsets.cz\/?page_id=5215"},"modified":"2025-10-04T22:54:57","modified_gmt":"2025-10-04T22:54:57","slug":"shipping-information","status":"publish","type":"page","link":"https:\/\/migration.artsets.cz\/en\/shipping-information\/","title":{"rendered":"Shipping Information"},"content":{"rendered":"\n<p><\/p>\n\n\n\n<p>Thank you for shopping with us! We are pleased to offer shipping services across Europe to ensure that your orders reach you in a timely manner. Below is everything you need to know about our shipping process:<\/p>\n\n\n\n<p><strong>Shipping Methods<\/strong><\/p>\n\n\n\n<p>We utilize <strong><a href=\"https:\/\/artsets.cz\/en\/zasilkovna\/\" data-type=\"page\" data-id=\"5505\">Zasilkovna<\/a><\/strong> as our primary shipping method. This reliable service helps us ensure that your packages are delivered safely and efficiently.<\/p>\n\n\n\n<p><strong>Delivery Time<\/strong><\/p>\n\n\n\n<p>The delivery time for your order will depend on the shipping service and your location.<\/p>\n\n\n\n<p>\u2022 <strong>If the item is in stock<\/strong>, we will dispatch your order within 3-5 working days. You will receive a notification with tracking details as soon as your order has been shipped.<\/p>\n\n\n\n<p>\u2022 <strong>If the item is not currently in stock<\/strong>, please allow up to 15 working days for dispatch. We strive to keep our stock updated and will inform you of any delays.<\/p>\n\n\n\n<p>You can check the estimated shipping time for each product directly on the product page. Additionally, this information will be available in your shopping cart before finalizing your purchase.<\/p>\n\n\n\n<p><strong>Shipping Costs<\/strong><\/p>\n\n\n\n<p>The shipping cost will be calculated based on the weight of your items and your delivery location. The final shipping cost will be displayed during the checkout process, so you will know the total amount before completing your order.<\/p>\n\n\n\n<p><strong>Order Tracking<\/strong><\/p>\n\n\n\n<p>Once your order has been dispatched, you will receive a confirmation email containing a tracking number. This will allow you to monitor the progress of your shipment.<\/p>\n\n\n\n<p><strong>Issues and Questions<\/strong><\/p>\n\n\n\n<p>If you have any questions or concerns about your order or shipping, please do not hesitate to contact us. We are here to help! You can find our contact details on the <a href=\"#\">Contacts page<\/a>.<\/p>\n\n\n\n<p>We appreciate your patience and understanding as we work to deliver your order as quickly as possible. Thank you for choosing us!<\/p>\n","protected":false},"excerpt":{"rendered":"<p>Thank you for shopping with us! We are pleased to offer shipping services across Europe to ensure that your orders reach you in a timely manner. Below is everything you need to know about our shipping process: Shipping Methods We utilize Zasilkovna as our primary shipping method. This reliable service helps us ensure that your [&hellip;]<\/p>\n","protected":false},"author":1,"featured_media":0,"parent":0,"menu_order":0,"comment_status":"closed","ping_status":"closed","template":"","meta":{"_acf_changed":false,"footnotes":""},"class_list":["post-5215","page","type-page","status-publish","hentry"],"acf":[],"yoast_head":"<!-- This site is optimized with the Yoast SEO plugin v25.3.1 - https:\/\/yoast.com\/wordpress\/plugins\/seo\/ -->\n<title>Shipping Information - ArtSets<\/title>\n<meta name=\"robots\" content=\"noindex, follow\" \/>\n<meta property=\"og:locale\" content=\"en_US\" \/>\n<meta property=\"og:type\" content=\"article\" \/>\n<meta property=\"og:title\" content=\"Shipping Information - ArtSets\" \/>\n<meta property=\"og:description\" content=\"Thank you for shopping with us! We are pleased to offer shipping services across Europe to ensure that your orders reach you in a timely manner. Below is everything you need to know about our shipping process: Shipping Methods We utilize Zasilkovna as our primary shipping method. This reliable service helps us ensure that your [&hellip;]\" \/>\n<meta property=\"og:url\" content=\"https:\/\/migration.artsets.cz\/en\/shipping-information\/\" \/>\n<meta property=\"og:site_name\" content=\"ArtSets\" \/>\n<meta property=\"article:publisher\" content=\"https:\/\/www.facebook.com\/profile.php?id=61559120043095\" \/>\n<meta property=\"article:modified_time\" content=\"2025-10-04T22:54:57+00:00\" \/>\n<meta property=\"og:image\" content=\"https:\/\/i0.wp.com\/migration.artsets.cz\/wp-content\/uploads\/2024\/08\/products-on-table.jpeg?fit=2500%2C1666&ssl=1\" \/>\n\t<meta property=\"og:image:width\" content=\"2500\" \/>\n\t<meta property=\"og:image:height\" content=\"1666\" \/>\n\t<meta property=\"og:image:type\" content=\"image\/jpeg\" \/>\n<meta name=\"twitter:card\" content=\"summary_large_image\" \/>\n<meta name=\"twitter:label1\" content=\"Est. reading time\" \/>\n\t<meta name=\"twitter:data1\" content=\"2 minutes\" \/>\n<script type=\"application\/ld+json\" class=\"yoast-schema-graph\">{\"@context\":\"https:\/\/schema.org\",\"@graph\":[{\"@type\":\"WebPage\",\"@id\":\"https:\/\/migration.artsets.cz\/en\/shipping-information\/\",\"url\":\"https:\/\/migration.artsets.cz\/en\/shipping-information\/\",\"name\":\"Shipping Information - ArtSets\",\"isPartOf\":{\"@id\":\"https:\/\/migration.artsets.cz\/#website\"},\"datePublished\":\"2024-07-29T19:24:06+00:00\",\"dateModified\":\"2025-10-04T22:54:57+00:00\",\"breadcrumb\":{\"@id\":\"https:\/\/migration.artsets.cz\/en\/shipping-information\/#breadcrumb\"},\"inLanguage\":\"en-US\",\"potentialAction\":[{\"@type\":\"ReadAction\",\"target\":[\"https:\/\/migration.artsets.cz\/en\/shipping-information\/\"]}]},{\"@type\":\"BreadcrumbList\",\"@id\":\"https:\/\/migration.artsets.cz\/en\/shipping-information\/#breadcrumb\",\"itemListElement\":[{\"@type\":\"ListItem\",\"position\":1,\"name\":\"Dom\u016f\",\"item\":\"https:\/\/migration.artsets.cz\/en\/\"},{\"@type\":\"ListItem\",\"position\":2,\"name\":\"Shipping Information\"}]},{\"@type\":\"WebSite\",\"@id\":\"https:\/\/migration.artsets.cz\/#website\",\"url\":\"https:\/\/migration.artsets.cz\/\",\"name\":\"Kreativn\u00ed a jedine\u010dn\u00e9 sady \u2013 ArtSets.cz | Perfektn\u00ed d\u00e1rek\",\"description\":\"Kreativn\u00ed DIY sady \u2013 perfektn\u00ed origin\u00e1ln\u00ed d\u00e1rek! Radost z tvorby s v\u00fdsledkem, kter\u00fd vyu\u017eijete\",\"publisher\":{\"@id\":\"https:\/\/migration.artsets.cz\/#organization\"},\"alternateName\":\"ArtSets\",\"potentialAction\":[{\"@type\":\"SearchAction\",\"target\":{\"@type\":\"EntryPoint\",\"urlTemplate\":\"https:\/\/migration.artsets.cz\/?s={search_term_string}\"},\"query-input\":{\"@type\":\"PropertyValueSpecification\",\"valueRequired\":true,\"valueName\":\"search_term_string\"}}],\"inLanguage\":\"en-US\"},{\"@type\":\"Organization\",\"@id\":\"https:\/\/migration.artsets.cz\/#organization\",\"name\":\"ArtSets\",\"url\":\"https:\/\/migration.artsets.cz\/\",\"logo\":{\"@type\":\"ImageObject\",\"inLanguage\":\"en-US\",\"@id\":\"https:\/\/migration.artsets.cz\/#\/schema\/logo\/image\/\",\"url\":\"\",\"contentUrl\":\"\",\"caption\":\"ArtSets\"},\"image\":{\"@id\":\"https:\/\/migration.artsets.cz\/#\/schema\/logo\/image\/\"},\"sameAs\":[\"https:\/\/www.facebook.com\/profile.php?id=61559120043095\"]}]}<\/script>\n<!-- \/ Yoast SEO plugin. -->","yoast_head_json":{"title":"Shipping Information - ArtSets","robots":{"index":"noindex","follow":"follow"},"og_locale":"en_US","og_type":"article","og_title":"Shipping Information - ArtSets","og_description":"Thank you for shopping with us! We are pleased to offer shipping services across Europe to ensure that your orders reach you in a timely manner. Below is everything you need to know about our shipping process: Shipping Methods We utilize Zasilkovna as our primary shipping method. This reliable service helps us ensure that your [&hellip;]","og_url":"https:\/\/migration.artsets.cz\/en\/shipping-information\/","og_site_name":"ArtSets","article_publisher":"https:\/\/www.facebook.com\/profile.php?id=61559120043095","article_modified_time":"2025-10-04T22:54:57+00:00","og_image":[{"width":2500,"height":1666,"url":"https:\/\/i0.wp.com\/migration.artsets.cz\/wp-content\/uploads\/2024\/08\/products-on-table.jpeg?fit=2500%2C1666&ssl=1","type":"image\/jpeg"}],"twitter_card":"summary_large_image","twitter_misc":{"Est. reading time":"2 minutes"},"schema":{"@context":"https:\/\/schema.org","@graph":[{"@type":"WebPage","@id":"https:\/\/migration.artsets.cz\/en\/shipping-information\/","url":"https:\/\/migration.artsets.cz\/en\/shipping-information\/","name":"Shipping Information - ArtSets","isPartOf":{"@id":"https:\/\/migration.artsets.cz\/#website"},"datePublished":"2024-07-29T19:24:06+00:00","dateModified":"2025-10-04T22:54:57+00:00","breadcrumb":{"@id":"https:\/\/migration.artsets.cz\/en\/shipping-information\/#breadcrumb"},"inLanguage":"en-US","potentialAction":[{"@type":"ReadAction","target":["https:\/\/migration.artsets.cz\/en\/shipping-information\/"]}]},{"@type":"BreadcrumbList","@id":"https:\/\/migration.artsets.cz\/en\/shipping-information\/#breadcrumb","itemListElement":[{"@type":"ListItem","position":1,"name":"Dom\u016f","item":"https:\/\/migration.artsets.cz\/en\/"},{"@type":"ListItem","position":2,"name":"Shipping Information"}]},{"@type":"WebSite","@id":"https:\/\/migration.artsets.cz\/#website","url":"https:\/\/migration.artsets.cz\/","name":"Kreativn\u00ed a jedine\u010dn\u00e9 sady \u2013 ArtSets.cz | Perfektn\u00ed d\u00e1rek","description":"Kreativn\u00ed DIY sady \u2013 perfektn\u00ed origin\u00e1ln\u00ed d\u00e1rek! Radost z tvorby s v\u00fdsledkem, kter\u00fd vyu\u017eijete","publisher":{"@id":"https:\/\/migration.artsets.cz\/#organization"},"alternateName":"ArtSets","potentialAction":[{"@type":"SearchAction","target":{"@type":"EntryPoint","urlTemplate":"https:\/\/migration.artsets.cz\/?s={search_term_string}"},"query-input":{"@type":"PropertyValueSpecification","valueRequired":true,"valueName":"search_term_string"}}],"inLanguage":"en-US"},{"@type":"Organization","@id":"https:\/\/migration.artsets.cz\/#organization","name":"ArtSets","url":"https:\/\/migration.artsets.cz\/","logo":{"@type":"ImageObject","inLanguage":"en-US","@id":"https:\/\/migration.artsets.cz\/#\/schema\/logo\/image\/","url":"","contentUrl":"","caption":"ArtSets"},"image":{"@id":"https:\/\/migration.artsets.cz\/#\/schema\/logo\/image\/"},"sameAs":["https:\/\/www.facebook.com\/profile.php?id=61559120043095"]}]}},"_links":{"self":[{"href":"https:\/\/migration.artsets.cz\/en\/wp-json\/wp\/v2\/pages\/5215","targetHints":{"allow":["GET"]}}],"collection":[{"href":"https:\/\/migration.artsets.cz\/en\/wp-json\/wp\/v2\/pages"}],"about":[{"href":"https:\/\/migration.artsets.cz\/en\/wp-json\/wp\/v2\/types\/page"}],"author":[{"embeddable":true,"href":"https:\/\/migration.artsets.cz\/en\/wp-json\/wp\/v2\/users\/1"}],"replies":[{"embeddable":true,"href":"https:\/\/migration.artsets.cz\/en\/wp-json\/wp\/v2\/comments?post=5215"}],"version-history":[{"count":1,"href":"https:\/\/migration.artsets.cz\/en\/wp-json\/wp\/v2\/pages\/5215\/revisions"}],"predecessor-version":[{"id":11521,"href":"https:\/\/migration.artsets.cz\/en\/wp-json\/wp\/v2\/pages\/5215\/revisions\/11521"}],"wp:attachment":[{"href":"https:\/\/migration.artsets.cz\/en\/wp-json\/wp\/v2\/media?parent=5215"}],"curies":[{"name":"wp","href":"https:\/\/api.w.org\/{rel}","templated":true}]}}