{"id":5507,"date":"2024-08-02T17:20:38","date_gmt":"2024-08-02T17:20:38","guid":{"rendered":"https:\/\/artsets.cz\/?page_id=5507"},"modified":"2024-12-07T14:00:10","modified_gmt":"2024-12-07T14:00:10","slug":"zasilkovna","status":"publish","type":"page","link":"https:\/\/migration.artsets.cz\/en\/zasilkovna\/","title":{"rendered":"Zasilkovna"},"content":{"rendered":"\n<h4 class=\"wp-block-heading\">How does Z\u00e1silkovna work?<\/h4>\n\n\n\n<ul class=\"wp-block-list\">\n<li>In the shopping cart, select delivery to the pick-up point of Z\u00e1silkovna.<\/li>\n\n\n\n<li>In the pick-up point search engine, find the one you have nearby. There are thousands of pick-up points and self-service, contactless pick-up points Z-BOX at your disposal.<\/li>\n\n\n\n<li>Your order usually arrives at the pick-up point within the next day.<\/li>\n\n\n\n<li>As soon as the order is ready at the selected pick-up point, Z\u00e1silkovna will send you an informative e-mail and a text message with a password for pickup.<\/li>\n\n\n\n<li>You just need to report the password at the pick-up point. You can send anyone to pick up your parcel &#8211; just give them the password.<\/li>\n\n\n\n<li>You can pay cash on delivery amount directly at the pick-up point, either in cash or by payment card.<\/li>\n\n\n\n<li>You can find out where your order is located in the\u00a0<a href=\"https:\/\/tracking.packeta.com\/\">Parcel Tracking<\/a>\u00a0section.<\/li>\n\n\n\n<li>You have 7 days to collect your parcel.<\/li>\n\n\n\n<li>We recommend downloading the Z\u00e1silkovna mobile app where you can track the movement of your parcel, extend the parcel storage period to up to 21 days or pay cash on delivery.<\/li>\n\n\n\n<li>Returning goods is easy with Z\u00e1silkovna: just enter the return in the mobile app or use the label that will be included in your parcel. Then just take the parcel to the nearest Z\u00e1silkovna drop-off point.<\/li>\n<\/ul>\n\n\n\n<p><\/p>\n","protected":false},"excerpt":{"rendered":"<p>How does Z\u00e1silkovna work?<\/p>\n","protected":false},"author":1,"featured_media":0,"parent":0,"menu_order":0,"comment_status":"closed","ping_status":"closed","template":"","meta":{"_acf_changed":false,"footnotes":""},"class_list":["post-5507","page","type-page","status-publish","hentry"],"acf":[],"yoast_head":"<!-- This site is optimized with the Yoast SEO plugin v25.3.1 - https:\/\/yoast.com\/wordpress\/plugins\/seo\/ -->\n<title>Zasilkovna - ArtSets<\/title>\n<meta name=\"robots\" content=\"noindex, follow\" \/>\n<meta property=\"og:locale\" content=\"en_US\" \/>\n<meta property=\"og:type\" content=\"article\" \/>\n<meta property=\"og:title\" content=\"Zasilkovna - ArtSets\" \/>\n<meta property=\"og:description\" content=\"How does Z\u00e1silkovna work?\" \/>\n<meta property=\"og:url\" content=\"https:\/\/migration.artsets.cz\/zasilkovna\/\" \/>\n<meta property=\"og:site_name\" content=\"ArtSets\" \/>\n<meta property=\"article:publisher\" content=\"https:\/\/www.facebook.com\/profile.php?id=61559120043095\" \/>\n<meta property=\"article:modified_time\" content=\"2024-12-07T14:00:10+00:00\" \/>\n<meta property=\"og:image\" content=\"https:\/\/i0.wp.com\/migration.artsets.cz\/wp-content\/uploads\/2024\/08\/products-on-table.jpeg?fit=2500%2C1666&ssl=1\" \/>\n\t<meta property=\"og:image:width\" content=\"2500\" \/>\n\t<meta property=\"og:image:height\" content=\"1666\" \/>\n\t<meta property=\"og:image:type\" content=\"image\/jpeg\" \/>\n<meta name=\"twitter:card\" content=\"summary_large_image\" \/>\n<meta name=\"twitter:label1\" content=\"Est. reading time\" \/>\n\t<meta name=\"twitter:data1\" content=\"1 minute\" \/>\n<script type=\"application\/ld+json\" class=\"yoast-schema-graph\">{\"@context\":\"https:\/\/schema.org\",\"@graph\":[{\"@type\":\"WebPage\",\"@id\":\"https:\/\/migration.artsets.cz\/zasilkovna\/\",\"url\":\"https:\/\/migration.artsets.cz\/zasilkovna\/\",\"name\":\"Zasilkovna - ArtSets\",\"isPartOf\":{\"@id\":\"https:\/\/migration.artsets.cz\/#website\"},\"datePublished\":\"2024-08-02T17:20:38+00:00\",\"dateModified\":\"2024-12-07T14:00:10+00:00\",\"breadcrumb\":{\"@id\":\"https:\/\/migration.artsets.cz\/zasilkovna\/#breadcrumb\"},\"inLanguage\":\"en-US\",\"potentialAction\":[{\"@type\":\"ReadAction\",\"target\":[\"https:\/\/migration.artsets.cz\/zasilkovna\/\"]}]},{\"@type\":\"BreadcrumbList\",\"@id\":\"https:\/\/migration.artsets.cz\/zasilkovna\/#breadcrumb\",\"itemListElement\":[{\"@type\":\"ListItem\",\"position\":1,\"name\":\"Dom\u016f\",\"item\":\"https:\/\/migration.artsets.cz\/en\/\"},{\"@type\":\"ListItem\",\"position\":2,\"name\":\"Zasilkovna\"}]},{\"@type\":\"WebSite\",\"@id\":\"https:\/\/migration.artsets.cz\/#website\",\"url\":\"https:\/\/migration.artsets.cz\/\",\"name\":\"Kreativn\u00ed a jedine\u010dn\u00e9 sady \u2013 ArtSets.cz | Perfektn\u00ed d\u00e1rek\",\"description\":\"Kreativn\u00ed DIY sady \u2013 perfektn\u00ed origin\u00e1ln\u00ed d\u00e1rek! Radost z tvorby s v\u00fdsledkem, kter\u00fd vyu\u017eijete\",\"publisher\":{\"@id\":\"https:\/\/migration.artsets.cz\/#organization\"},\"alternateName\":\"ArtSets\",\"potentialAction\":[{\"@type\":\"SearchAction\",\"target\":{\"@type\":\"EntryPoint\",\"urlTemplate\":\"https:\/\/migration.artsets.cz\/?s={search_term_string}\"},\"query-input\":{\"@type\":\"PropertyValueSpecification\",\"valueRequired\":true,\"valueName\":\"search_term_string\"}}],\"inLanguage\":\"en-US\"},{\"@type\":\"Organization\",\"@id\":\"https:\/\/migration.artsets.cz\/#organization\",\"name\":\"ArtSets\",\"url\":\"https:\/\/migration.artsets.cz\/\",\"logo\":{\"@type\":\"ImageObject\",\"inLanguage\":\"en-US\",\"@id\":\"https:\/\/migration.artsets.cz\/#\/schema\/logo\/image\/\",\"url\":\"\",\"contentUrl\":\"\",\"caption\":\"ArtSets\"},\"image\":{\"@id\":\"https:\/\/migration.artsets.cz\/#\/schema\/logo\/image\/\"},\"sameAs\":[\"https:\/\/www.facebook.com\/profile.php?id=61559120043095\"]}]}<\/script>\n<!-- \/ Yoast SEO plugin. -->","yoast_head_json":{"title":"Zasilkovna - ArtSets","robots":{"index":"noindex","follow":"follow"},"og_locale":"en_US","og_type":"article","og_title":"Zasilkovna - ArtSets","og_description":"How does Z\u00e1silkovna work?","og_url":"https:\/\/migration.artsets.cz\/zasilkovna\/","og_site_name":"ArtSets","article_publisher":"https:\/\/www.facebook.com\/profile.php?id=61559120043095","article_modified_time":"2024-12-07T14:00:10+00:00","og_image":[{"width":2500,"height":1666,"url":"https:\/\/i0.wp.com\/migration.artsets.cz\/wp-content\/uploads\/2024\/08\/products-on-table.jpeg?fit=2500%2C1666&ssl=1","type":"image\/jpeg"}],"twitter_card":"summary_large_image","twitter_misc":{"Est. reading time":"1 minute"},"schema":{"@context":"https:\/\/schema.org","@graph":[{"@type":"WebPage","@id":"https:\/\/migration.artsets.cz\/zasilkovna\/","url":"https:\/\/migration.artsets.cz\/zasilkovna\/","name":"Zasilkovna - ArtSets","isPartOf":{"@id":"https:\/\/migration.artsets.cz\/#website"},"datePublished":"2024-08-02T17:20:38+00:00","dateModified":"2024-12-07T14:00:10+00:00","breadcrumb":{"@id":"https:\/\/migration.artsets.cz\/zasilkovna\/#breadcrumb"},"inLanguage":"en-US","potentialAction":[{"@type":"ReadAction","target":["https:\/\/migration.artsets.cz\/zasilkovna\/"]}]},{"@type":"BreadcrumbList","@id":"https:\/\/migration.artsets.cz\/zasilkovna\/#breadcrumb","itemListElement":[{"@type":"ListItem","position":1,"name":"Dom\u016f","item":"https:\/\/migration.artsets.cz\/en\/"},{"@type":"ListItem","position":2,"name":"Zasilkovna"}]},{"@type":"WebSite","@id":"https:\/\/migration.artsets.cz\/#website","url":"https:\/\/migration.artsets.cz\/","name":"Kreativn\u00ed a jedine\u010dn\u00e9 sady \u2013 ArtSets.cz | Perfektn\u00ed d\u00e1rek","description":"Kreativn\u00ed DIY sady \u2013 perfektn\u00ed origin\u00e1ln\u00ed d\u00e1rek! Radost z tvorby s v\u00fdsledkem, kter\u00fd vyu\u017eijete","publisher":{"@id":"https:\/\/migration.artsets.cz\/#organization"},"alternateName":"ArtSets","potentialAction":[{"@type":"SearchAction","target":{"@type":"EntryPoint","urlTemplate":"https:\/\/migration.artsets.cz\/?s={search_term_string}"},"query-input":{"@type":"PropertyValueSpecification","valueRequired":true,"valueName":"search_term_string"}}],"inLanguage":"en-US"},{"@type":"Organization","@id":"https:\/\/migration.artsets.cz\/#organization","name":"ArtSets","url":"https:\/\/migration.artsets.cz\/","logo":{"@type":"ImageObject","inLanguage":"en-US","@id":"https:\/\/migration.artsets.cz\/#\/schema\/logo\/image\/","url":"","contentUrl":"","caption":"ArtSets"},"image":{"@id":"https:\/\/migration.artsets.cz\/#\/schema\/logo\/image\/"},"sameAs":["https:\/\/www.facebook.com\/profile.php?id=61559120043095"]}]}},"_links":{"self":[{"href":"https:\/\/migration.artsets.cz\/en\/wp-json\/wp\/v2\/pages\/5507","targetHints":{"allow":["GET"]}}],"collection":[{"href":"https:\/\/migration.artsets.cz\/en\/wp-json\/wp\/v2\/pages"}],"about":[{"href":"https:\/\/migration.artsets.cz\/en\/wp-json\/wp\/v2\/types\/page"}],"author":[{"embeddable":true,"href":"https:\/\/migration.artsets.cz\/en\/wp-json\/wp\/v2\/users\/1"}],"replies":[{"embeddable":true,"href":"https:\/\/migration.artsets.cz\/en\/wp-json\/wp\/v2\/comments?post=5507"}],"version-history":[{"count":0,"href":"https:\/\/migration.artsets.cz\/en\/wp-json\/wp\/v2\/pages\/5507\/revisions"}],"wp:attachment":[{"href":"https:\/\/migration.artsets.cz\/en\/wp-json\/wp\/v2\/media?parent=5507"}],"curies":[{"name":"wp","href":"https:\/\/api.w.org\/{rel}","templated":true}]}}