{"id":9032,"date":"2024-12-13T10:51:58","date_gmt":"2024-12-13T10:51:58","guid":{"rendered":"https:\/\/artsets.cz\/?page_id=9032"},"modified":"2025-10-04T21:52:04","modified_gmt":"2025-10-04T21:52:04","slug":"instrukce-pro-tvorbu-penalu","status":"publish","type":"page","link":"https:\/\/migration.artsets.cz\/en\/instrukce\/instrukce-pro-tvorbu-penalu\/","title":{"rendered":"Instrukce pro tvorbu pen\u00e1l\u016f"},"content":{"rendered":"\t\t<div data-elementor-type=\"wp-page\" data-elementor-id=\"9032\" class=\"elementor elementor-9032\" data-elementor-post-type=\"page\">\n\t\t\t\t<div class=\"elementor-element elementor-element-e7c32e0 e-flex e-con-boxed e-con e-parent\" data-id=\"e7c32e0\" data-element_type=\"container\" data-settings=\"{&quot;jet_parallax_layout_list&quot;:[]}\">\n\t\t\t\t\t<div class=\"e-con-inner\">\n\t\t\t\t<div class=\"elementor-element elementor-element-3d26362 elementor-widget elementor-widget-text-editor\" data-id=\"3d26362\" data-element_type=\"widget\" data-widget_type=\"text-editor.default\">\n\t\t\t\t<div class=\"elementor-widget-container\">\n\t\t\t\t\t\t\t\t\t<p><\/p><p>V\u00edtejte na str\u00e1nce s n\u00e1vodem pro vytvo\u0159en\u00ed <strong>personalizovan\u00fdch pen\u00e1l\u016f<\/strong>! Tento n\u00e1vod v\u00e1s krok za krokem provede tvorbou origin\u00e1ln\u00edho pen\u00e1lu, kter\u00fd bude nejen praktick\u00fd, ale tak\u00e9 unik\u00e1tn\u00ed. S na\u0161\u00edm ArtSets setem m\u00e1te v\u0161echny pot\u0159ebn\u00e9 materi\u00e1ly k tomu, abyste si vytvo\u0159ili pen\u00e1l, kter\u00fd odr\u00e1\u017e\u00ed va\u0161i kreativitu a styl.<\/p><p> <\/p><p>Podle na\u0161ich podrobn\u00fdch instrukc\u00ed snadno vytvo\u0159\u00edte sv\u016fj vlastn\u00ed design. Pro lep\u0161\u00ed p\u0159edstavu si m\u016f\u017eete prohl\u00e9dnout i video n\u00e1vod, kter\u00fd v\u00e1m uk\u00e1\u017ee cel\u00fd proces. Tvo\u0159en\u00ed bylo nikdy jednodu\u0161\u0161\u00ed a z\u00e1bavn\u011bj\u0161\u00ed!<\/p><p><\/p>\t\t\t\t\t\t\t\t<\/div>\n\t\t\t\t<\/div>\n\t\t\t\t\t<\/div>\n\t\t\t\t<\/div>\n\t\t\t\t<\/div>\n\t\t","protected":false},"excerpt":{"rendered":"<p>V\u00edtejte na str\u00e1nce s n\u00e1vodem pro vytvo\u0159en\u00ed personalizovan\u00fdch pen\u00e1l\u016f! Tento n\u00e1vod v\u00e1s krok za krokem provede tvorbou origin\u00e1ln\u00edho pen\u00e1lu, kter\u00fd bude nejen praktick\u00fd, ale tak\u00e9 unik\u00e1tn\u00ed. S na\u0161\u00edm ArtSets setem m\u00e1te v\u0161echny pot\u0159ebn\u00e9 materi\u00e1ly k tomu, abyste si vytvo\u0159ili pen\u00e1l, kter\u00fd odr\u00e1\u017e\u00ed va\u0161i kreativitu a styl. Podle na\u0161ich podrobn\u00fdch instrukc\u00ed snadno vytvo\u0159\u00edte sv\u016fj vlastn\u00ed design. [&hellip;]<\/p>\n","protected":false},"author":1,"featured_media":0,"parent":7866,"menu_order":0,"comment_status":"closed","ping_status":"closed","template":"","meta":{"_acf_changed":false,"footnotes":""},"class_list":["post-9032","page","type-page","status-publish","hentry"],"acf":[],"yoast_head":"<!-- This site is optimized with the Yoast SEO plugin v25.3.1 - https:\/\/yoast.com\/wordpress\/plugins\/seo\/ -->\n<title>Instrukce pro tvorbu pen\u00e1l\u016f - ArtSets<\/title>\n<meta name=\"description\" content=\"Nau\u010dte se, jak vytvo\u0159it origin\u00e1ln\u00ed pen\u00e1l s na\u0161\u00ed jednoduchou instrukc\u00ed. Krok za krokem si vytvo\u0159\u00edte pen\u00e1l, kter\u00fd bude odr\u00e1\u017eet va\u0161i osobnost a kreativitu\" \/>\n<meta name=\"robots\" content=\"noindex, follow, max-snippet:-1, max-image-preview:large, max-video-preview:-1\" \/>\n<meta property=\"og:locale\" content=\"en_US\" \/>\n<meta property=\"og:type\" content=\"article\" \/>\n<meta property=\"og:title\" content=\"Instrukce pro tvorbu pen\u00e1l\u016f - ArtSets\" \/>\n<meta property=\"og:description\" content=\"Nau\u010dte se, jak vytvo\u0159it origin\u00e1ln\u00ed pen\u00e1l s na\u0161\u00ed jednoduchou instrukc\u00ed. Krok za krokem si vytvo\u0159\u00edte pen\u00e1l, kter\u00fd bude odr\u00e1\u017eet va\u0161i osobnost a kreativitu\" \/>\n<meta property=\"og:url\" content=\"https:\/\/artsets.cz\/instrukce\/instrukce-pro-tvorbu-penalu\/\" \/>\n<meta property=\"og:site_name\" content=\"ArtSets\" \/>\n<meta property=\"article:publisher\" content=\"https:\/\/www.facebook.com\/profile.php?id=61559120043095\" \/>\n<meta property=\"article:modified_time\" content=\"2025-10-04T21:52:04+00:00\" \/>\n<meta property=\"og:image\" content=\"https:\/\/i0.wp.com\/migration.artsets.cz\/wp-content\/uploads\/2024\/08\/products-on-table.jpeg?fit=2500%2C1666&ssl=1\" \/>\n\t<meta property=\"og:image:width\" content=\"2500\" \/>\n\t<meta property=\"og:image:height\" content=\"1666\" \/>\n\t<meta property=\"og:image:type\" content=\"image\/jpeg\" \/>\n<meta name=\"twitter:card\" content=\"summary_large_image\" \/>\n<meta name=\"twitter:label1\" content=\"Est. reading time\" \/>\n\t<meta name=\"twitter:data1\" content=\"1 minute\" \/>\n<script type=\"application\/ld+json\" class=\"yoast-schema-graph\">{\"@context\":\"https:\/\/schema.org\",\"@graph\":[{\"@type\":\"WebPage\",\"@id\":\"https:\/\/migration.artsets.cz\/instrukce\/instrukce-pro-tvorbu-penalu\/\",\"url\":\"https:\/\/artsets.cz\/instrukce\/instrukce-pro-tvorbu-penalu\/\",\"name\":\"Instrukce pro tvorbu pen\u00e1l\u016f - ArtSets\",\"isPartOf\":{\"@id\":\"https:\/\/migration.artsets.cz\/#website\"},\"datePublished\":\"2024-12-13T10:51:58+00:00\",\"dateModified\":\"2025-10-04T21:52:04+00:00\",\"description\":\"Nau\u010dte se, jak vytvo\u0159it origin\u00e1ln\u00ed pen\u00e1l s na\u0161\u00ed jednoduchou instrukc\u00ed. Krok za krokem si vytvo\u0159\u00edte pen\u00e1l, kter\u00fd bude odr\u00e1\u017eet va\u0161i osobnost a kreativitu\",\"breadcrumb\":{\"@id\":\"https:\/\/artsets.cz\/instrukce\/instrukce-pro-tvorbu-penalu\/#breadcrumb\"},\"inLanguage\":\"en-US\",\"potentialAction\":[{\"@type\":\"ReadAction\",\"target\":[\"https:\/\/artsets.cz\/instrukce\/instrukce-pro-tvorbu-penalu\/\"]}]},{\"@type\":\"BreadcrumbList\",\"@id\":\"https:\/\/artsets.cz\/instrukce\/instrukce-pro-tvorbu-penalu\/#breadcrumb\",\"itemListElement\":[{\"@type\":\"ListItem\",\"position\":1,\"name\":\"Dom\u016f\",\"item\":\"https:\/\/migration.artsets.cz\/en\/\"},{\"@type\":\"ListItem\",\"position\":2,\"name\":\"Instrukce a n\u00e1vody pro tvorbu s ArtSets sad\",\"item\":\"https:\/\/migration.artsets.cz\/instrukce\/\"},{\"@type\":\"ListItem\",\"position\":3,\"name\":\"Instrukce pro tvorbu pen\u00e1l\u016f\"}]},{\"@type\":\"WebSite\",\"@id\":\"https:\/\/migration.artsets.cz\/#website\",\"url\":\"https:\/\/migration.artsets.cz\/\",\"name\":\"Kreativn\u00ed a jedine\u010dn\u00e9 sady \u2013 ArtSets.cz | Perfektn\u00ed d\u00e1rek\",\"description\":\"Kreativn\u00ed DIY sady \u2013 perfektn\u00ed origin\u00e1ln\u00ed d\u00e1rek! Radost z tvorby s v\u00fdsledkem, kter\u00fd vyu\u017eijete\",\"publisher\":{\"@id\":\"https:\/\/migration.artsets.cz\/#organization\"},\"alternateName\":\"ArtSets\",\"potentialAction\":[{\"@type\":\"SearchAction\",\"target\":{\"@type\":\"EntryPoint\",\"urlTemplate\":\"https:\/\/migration.artsets.cz\/?s={search_term_string}\"},\"query-input\":{\"@type\":\"PropertyValueSpecification\",\"valueRequired\":true,\"valueName\":\"search_term_string\"}}],\"inLanguage\":\"en-US\"},{\"@type\":\"Organization\",\"@id\":\"https:\/\/migration.artsets.cz\/#organization\",\"name\":\"ArtSets\",\"url\":\"https:\/\/migration.artsets.cz\/\",\"logo\":{\"@type\":\"ImageObject\",\"inLanguage\":\"en-US\",\"@id\":\"https:\/\/migration.artsets.cz\/#\/schema\/logo\/image\/\",\"url\":\"\",\"contentUrl\":\"\",\"caption\":\"ArtSets\"},\"image\":{\"@id\":\"https:\/\/migration.artsets.cz\/#\/schema\/logo\/image\/\"},\"sameAs\":[\"https:\/\/www.facebook.com\/profile.php?id=61559120043095\"]}]}<\/script>\n<!-- \/ Yoast SEO plugin. -->","yoast_head_json":{"title":"Instrukce pro tvorbu pen\u00e1l\u016f - ArtSets","description":"Nau\u010dte se, jak vytvo\u0159it origin\u00e1ln\u00ed pen\u00e1l s na\u0161\u00ed jednoduchou instrukc\u00ed. Krok za krokem si vytvo\u0159\u00edte pen\u00e1l, kter\u00fd bude odr\u00e1\u017eet va\u0161i osobnost a kreativitu","robots":{"index":"noindex","follow":"follow","max-snippet":"max-snippet:-1","max-image-preview":"max-image-preview:large","max-video-preview":"max-video-preview:-1"},"og_locale":"en_US","og_type":"article","og_title":"Instrukce pro tvorbu pen\u00e1l\u016f - ArtSets","og_description":"Nau\u010dte se, jak vytvo\u0159it origin\u00e1ln\u00ed pen\u00e1l s na\u0161\u00ed jednoduchou instrukc\u00ed. Krok za krokem si vytvo\u0159\u00edte pen\u00e1l, kter\u00fd bude odr\u00e1\u017eet va\u0161i osobnost a kreativitu","og_url":"https:\/\/artsets.cz\/instrukce\/instrukce-pro-tvorbu-penalu\/","og_site_name":"ArtSets","article_publisher":"https:\/\/www.facebook.com\/profile.php?id=61559120043095","article_modified_time":"2025-10-04T21:52:04+00:00","og_image":[{"width":2500,"height":1666,"url":"https:\/\/i0.wp.com\/migration.artsets.cz\/wp-content\/uploads\/2024\/08\/products-on-table.jpeg?fit=2500%2C1666&ssl=1","type":"image\/jpeg"}],"twitter_card":"summary_large_image","twitter_misc":{"Est. reading time":"1 minute"},"schema":{"@context":"https:\/\/schema.org","@graph":[{"@type":"WebPage","@id":"https:\/\/migration.artsets.cz\/instrukce\/instrukce-pro-tvorbu-penalu\/","url":"https:\/\/artsets.cz\/instrukce\/instrukce-pro-tvorbu-penalu\/","name":"Instrukce pro tvorbu pen\u00e1l\u016f - ArtSets","isPartOf":{"@id":"https:\/\/migration.artsets.cz\/#website"},"datePublished":"2024-12-13T10:51:58+00:00","dateModified":"2025-10-04T21:52:04+00:00","description":"Nau\u010dte se, jak vytvo\u0159it origin\u00e1ln\u00ed pen\u00e1l s na\u0161\u00ed jednoduchou instrukc\u00ed. Krok za krokem si vytvo\u0159\u00edte pen\u00e1l, kter\u00fd bude odr\u00e1\u017eet va\u0161i osobnost a kreativitu","breadcrumb":{"@id":"https:\/\/artsets.cz\/instrukce\/instrukce-pro-tvorbu-penalu\/#breadcrumb"},"inLanguage":"en-US","potentialAction":[{"@type":"ReadAction","target":["https:\/\/artsets.cz\/instrukce\/instrukce-pro-tvorbu-penalu\/"]}]},{"@type":"BreadcrumbList","@id":"https:\/\/artsets.cz\/instrukce\/instrukce-pro-tvorbu-penalu\/#breadcrumb","itemListElement":[{"@type":"ListItem","position":1,"name":"Dom\u016f","item":"https:\/\/migration.artsets.cz\/en\/"},{"@type":"ListItem","position":2,"name":"Instrukce a n\u00e1vody pro tvorbu s ArtSets sad","item":"https:\/\/migration.artsets.cz\/instrukce\/"},{"@type":"ListItem","position":3,"name":"Instrukce pro tvorbu pen\u00e1l\u016f"}]},{"@type":"WebSite","@id":"https:\/\/migration.artsets.cz\/#website","url":"https:\/\/migration.artsets.cz\/","name":"Kreativn\u00ed a jedine\u010dn\u00e9 sady \u2013 ArtSets.cz | Perfektn\u00ed d\u00e1rek","description":"Kreativn\u00ed DIY sady \u2013 perfektn\u00ed origin\u00e1ln\u00ed d\u00e1rek! Radost z tvorby s v\u00fdsledkem, kter\u00fd vyu\u017eijete","publisher":{"@id":"https:\/\/migration.artsets.cz\/#organization"},"alternateName":"ArtSets","potentialAction":[{"@type":"SearchAction","target":{"@type":"EntryPoint","urlTemplate":"https:\/\/migration.artsets.cz\/?s={search_term_string}"},"query-input":{"@type":"PropertyValueSpecification","valueRequired":true,"valueName":"search_term_string"}}],"inLanguage":"en-US"},{"@type":"Organization","@id":"https:\/\/migration.artsets.cz\/#organization","name":"ArtSets","url":"https:\/\/migration.artsets.cz\/","logo":{"@type":"ImageObject","inLanguage":"en-US","@id":"https:\/\/migration.artsets.cz\/#\/schema\/logo\/image\/","url":"","contentUrl":"","caption":"ArtSets"},"image":{"@id":"https:\/\/migration.artsets.cz\/#\/schema\/logo\/image\/"},"sameAs":["https:\/\/www.facebook.com\/profile.php?id=61559120043095"]}]}},"_links":{"self":[{"href":"https:\/\/migration.artsets.cz\/en\/wp-json\/wp\/v2\/pages\/9032","targetHints":{"allow":["GET"]}}],"collection":[{"href":"https:\/\/migration.artsets.cz\/en\/wp-json\/wp\/v2\/pages"}],"about":[{"href":"https:\/\/migration.artsets.cz\/en\/wp-json\/wp\/v2\/types\/page"}],"author":[{"embeddable":true,"href":"https:\/\/migration.artsets.cz\/en\/wp-json\/wp\/v2\/users\/1"}],"replies":[{"embeddable":true,"href":"https:\/\/migration.artsets.cz\/en\/wp-json\/wp\/v2\/comments?post=9032"}],"version-history":[{"count":1,"href":"https:\/\/migration.artsets.cz\/en\/wp-json\/wp\/v2\/pages\/9032\/revisions"}],"predecessor-version":[{"id":11510,"href":"https:\/\/migration.artsets.cz\/en\/wp-json\/wp\/v2\/pages\/9032\/revisions\/11510"}],"up":[{"embeddable":true,"href":"https:\/\/migration.artsets.cz\/en\/wp-json\/wp\/v2\/pages\/7866"}],"wp:attachment":[{"href":"https:\/\/migration.artsets.cz\/en\/wp-json\/wp\/v2\/media?parent=9032"}],"curies":[{"name":"wp","href":"https:\/\/api.w.org\/{rel}","templated":true}]}}